{"id":525,"date":"2017-09-08T02:34:30","date_gmt":"2017-09-08T02:34:30","guid":{"rendered":"http:\/\/hri.com.vn\/sign-up\/"},"modified":"2018-06-12T09:41:59","modified_gmt":"2018-06-12T08:41:59","slug":"dang-ky","status":"publish","type":"page","link":"https:\/\/old.hri.com.vn\/vi\/dang-ky\/","title":{"rendered":"\u0110\u0103ng K\u00fd"},"content":{"rendered":"","protected":false},"excerpt":{"rendered":"","protected":false},"author":1,"featured_media":0,"parent":0,"menu_order":0,"comment_status":"closed","ping_status":"closed","template":"template-register.php","meta":[],"acf":[],"_links":{"self":[{"href":"https:\/\/old.hri.com.vn\/vi\/wp-json\/wp\/v2\/pages\/525"}],"collection":[{"href":"https:\/\/old.hri.com.vn\/vi\/wp-json\/wp\/v2\/pages"}],"about":[{"href":"https:\/\/old.hri.com.vn\/vi\/wp-json\/wp\/v2\/types\/page"}],"author":[{"embeddable":true,"href":"https:\/\/old.hri.com.vn\/vi\/wp-json\/wp\/v2\/users\/1"}],"replies":[{"embeddable":true,"href":"https:\/\/old.hri.com.vn\/vi\/wp-json\/wp\/v2\/comments?post=525"}],"version-history":[{"count":1,"href":"https:\/\/old.hri.com.vn\/vi\/wp-json\/wp\/v2\/pages\/525\/revisions"}],"predecessor-version":[{"id":763,"href":"https:\/\/old.hri.com.vn\/vi\/wp-json\/wp\/v2\/pages\/525\/revisions\/763"}],"wp:attachment":[{"href":"https:\/\/old.hri.com.vn\/vi\/wp-json\/wp\/v2\/media?parent=525"}],"curies":[{"name":"wp","href":"https:\/\/api.w.org\/{rel}","templated":true}]}}